{"id":86,"date":"2026-04-21T14:09:39","date_gmt":"2026-04-21T14:09:39","guid":{"rendered":"https:\/\/cbrchue.cl\/?page_id=86"},"modified":"2026-04-21T19:56:53","modified_gmt":"2026-04-21T19:56:53","slug":"cbr-solicitud-de-documentos","status":"publish","type":"page","link":"https:\/\/cbrchue.cl\/index.php\/cbr-solicitud-de-documentos\/","title":{"rendered":"Solicitud de Documentos"},"content":{"rendered":"<p>[et_pb_section fb_built=\u00bb1&#8243; admin_label=\u00bbsection\u00bb _builder_version=\u00bb4.16&#8243; global_colors_info=\u00bb{}\u00bb][et_pb_row use_custom_gutter=\u00bbon\u00bb make_equal=\u00bbon\u00bb admin_label=\u00bbrow\u00bb _builder_version=\u00bb4.27.5&#8243; background_size=\u00bbinitial\u00bb background_position=\u00bbtop_left\u00bb background_repeat=\u00bbrepeat\u00bb width=\u00bb100%\u00bb max_width=\u00bb2560px\u00bb global_colors_info=\u00bb{}\u00bb][et_pb_column type=\u00bb4_4&#8243; _builder_version=\u00bb4.16&#8243; custom_padding=\u00bb|||\u00bb global_colors_info=\u00bb{}\u00bb custom_padding__hover=\u00bb|||\u00bb][et_pb_code _builder_version=\u00bb4.27.5&#8243; _module_preset=\u00bbdefault\u00bb custom_margin=\u00bb-80px|||||\u00bb global_colors_info=\u00bb{}\u00bb]<\/p>\n<style><!-- [et_pb_line_break_holder] -->.sol-docs-hero {<!-- [et_pb_line_break_holder] -->  padding: 70px 20px 50px;<!-- [et_pb_line_break_holder] -->  background: linear-gradient(135deg, #f8fafc 0%, #eef2f7 100%);<!-- [et_pb_line_break_holder] -->}<!-- [et_pb_line_break_holder] --><!-- [et_pb_line_break_holder] -->.sol-docs-hero__inner {<!-- [et_pb_line_break_holder] -->  max-width: 1050px;<!-- [et_pb_line_break_holder] -->  margin: 0 auto;<!-- [et_pb_line_break_holder] -->  text-align: center;<!-- [et_pb_line_break_holder] -->}<!-- [et_pb_line_break_holder] --><!-- [et_pb_line_break_holder] -->.sol-docs-hero__eyebrow {<!-- [et_pb_line_break_holder] -->  font-size: 12px;<!-- [et_pb_line_break_holder] -->  text-transform: uppercase;<!-- [et_pb_line_break_holder] -->  letter-spacing: 0.08em;<!-- [et_pb_line_break_holder] -->  color: #345894;<!-- [et_pb_line_break_holder] -->  font-weight: 700;<!-- [et_pb_line_break_holder] -->  margin-bottom: 10px;<!-- [et_pb_line_break_holder] -->}<!-- [et_pb_line_break_holder] --><!-- [et_pb_line_break_holder] -->.sol-docs-hero__title {<!-- [et_pb_line_break_holder] -->  font-size: 32px;<!-- [et_pb_line_break_holder] -->  line-height: 1.25;<!-- [et_pb_line_break_holder] -->  color: #1a2433;<!-- [et_pb_line_break_holder] -->  margin-bottom: 12px;<!-- [et_pb_line_break_holder] -->  font-weight: 600;<!-- [et_pb_line_break_holder] -->}<!-- [et_pb_line_break_holder] --><!-- [et_pb_line_break_holder] -->.sol-docs-hero__text {<!-- [et_pb_line_break_holder] -->  max-width: 760px;<!-- [et_pb_line_break_holder] -->  margin: 0 auto;<!-- [et_pb_line_break_holder] -->  font-size: 15px;<!-- [et_pb_line_break_holder] -->  line-height: 1.8;<!-- [et_pb_line_break_holder] -->  color: #5a6b7b;<!-- [et_pb_line_break_holder] -->}<!-- [et_pb_line_break_holder] --><!-- [et_pb_line_break_holder] -->@media (max-width: 767px) {<!-- [et_pb_line_break_holder] -->  .sol-docs-hero {<!-- [et_pb_line_break_holder] -->    padding: 55px 15px 35px;<!-- [et_pb_line_break_holder] -->  }<!-- [et_pb_line_break_holder] --><!-- [et_pb_line_break_holder] -->  .sol-docs-hero__title {<!-- [et_pb_line_break_holder] -->    font-size: 26px;<!-- [et_pb_line_break_holder] -->  }<!-- [et_pb_line_break_holder] -->}<!-- [et_pb_line_break_holder] --><\/style>\n<p><!-- [et_pb_line_break_holder] --><!-- [et_pb_line_break_holder] --><\/p>\n<section class=\"sol-docs-hero\"><!-- [et_pb_line_break_holder] -->  <\/p>\n<div class=\"sol-docs-hero__inner\"><!-- [et_pb_line_break_holder] -->    <\/p>\n<div class=\"sol-docs-hero__eyebrow\">CBR<\/div>\n<p><!-- [et_pb_line_break_holder] -->    <\/p>\n<h1 class=\"sol-docs-hero__title\">Solicitud de documentos<\/h1>\n<p><!-- [et_pb_line_break_holder] -->    <\/p>\n<div class=\"sol-docs-hero__text\"><!-- [et_pb_line_break_holder] -->      Seleccione la categor\u00eda correspondiente para acceder al tr\u00e1mite que necesita. <!-- [et_pb_line_break_holder] -->      Cada secci\u00f3n re\u00fane las solicitudes y certificados asociados a propiedad, comercio, archivero y minas.<!-- [et_pb_line_break_holder] -->    <\/div>\n<p><!-- [et_pb_line_break_holder] -->  <\/div>\n<p><!-- [et_pb_line_break_holder] --><\/section>\n<p>[\/et_pb_code][\/et_pb_column][\/et_pb_row][et_pb_row _builder_version=\u00bb4.27.5&#8243; _module_preset=\u00bbdefault\u00bb width=\u00bb100%\u00bb max_width=\u00bb2560px\u00bb global_colors_info=\u00bb{}\u00bb][et_pb_column type=\u00bb4_4&#8243; _builder_version=\u00bb4.27.5&#8243; _module_preset=\u00bbdefault\u00bb global_colors_info=\u00bb{}\u00bb][et_pb_code _builder_version=\u00bb4.27.5&#8243; _module_preset=\u00bbdefault\u00bb global_colors_info=\u00bb{}\u00bb]<\/p>\n<style><!-- [et_pb_line_break_holder] -->.sol-docs-grid {<!-- [et_pb_line_break_holder] -->  padding: 20px 20px 70px;<!-- [et_pb_line_break_holder] -->  background: #ffffff;<!-- [et_pb_line_break_holder] -->}<!-- [et_pb_line_break_holder] --><!-- [et_pb_line_break_holder] -->.sol-docs-grid__inner {<!-- [et_pb_line_break_holder] -->  max-width: 1100px;<!-- [et_pb_line_break_holder] -->  margin: 0 auto;<!-- [et_pb_line_break_holder] -->}<!-- [et_pb_line_break_holder] --><!-- [et_pb_line_break_holder] -->.sol-docs-grid__cards {<!-- [et_pb_line_break_holder] -->  display: grid;<!-- [et_pb_line_break_holder] -->  grid-template-columns: repeat(2, 1fr);<!-- [et_pb_line_break_holder] -->  gap: 24px;<!-- [et_pb_line_break_holder] -->}<!-- [et_pb_line_break_holder] --><!-- [et_pb_line_break_holder] -->.sol-docs-card {<!-- [et_pb_line_break_holder] -->  background: #ffffff;<!-- [et_pb_line_break_holder] -->  border: 1px solid #e4e8f0;<!-- [et_pb_line_break_holder] -->  border-radius: 14px;<!-- [et_pb_line_break_holder] -->  padding: 28px;<!-- [et_pb_line_break_holder] -->  box-shadow: 0 10px 24px rgba(0,0,0,0.04);<!-- [et_pb_line_break_holder] -->  transition: all 0.25s ease;<!-- [et_pb_line_break_holder] -->}<!-- [et_pb_line_break_holder] --><!-- [et_pb_line_break_holder] -->.sol-docs-card:hover {<!-- [et_pb_line_break_holder] -->  transform: translateY(-5px);<!-- [et_pb_line_break_holder] -->  box-shadow: 0 16px 32px rgba(0,0,0,0.08);<!-- [et_pb_line_break_holder] -->  border-color: #345894;<!-- [et_pb_line_break_holder] -->}<!-- [et_pb_line_break_holder] --><!-- [et_pb_line_break_holder] -->.sol-docs-card__title {<!-- [et_pb_line_break_holder] -->  font-size: 20px;<!-- [et_pb_line_break_holder] -->  font-weight: 600;<!-- [et_pb_line_break_holder] -->  color: #1a2433;<!-- [et_pb_line_break_holder] -->  margin-bottom: 10px;<!-- [et_pb_line_break_holder] -->}<!-- [et_pb_line_break_holder] --><!-- [et_pb_line_break_holder] -->.sol-docs-card__text {<!-- [et_pb_line_break_holder] -->  font-size: 14px;<!-- [et_pb_line_break_holder] -->  color: #667085;<!-- [et_pb_line_break_holder] -->  line-height: 1.7;<!-- [et_pb_line_break_holder] -->  margin-bottom: 18px;<!-- [et_pb_line_break_holder] -->}<!-- [et_pb_line_break_holder] --><!-- [et_pb_line_break_holder] -->.sol-docs-card__list {<!-- [et_pb_line_break_holder] -->  margin: 0 0 18px;<!-- [et_pb_line_break_holder] -->  padding-left: 18px;<!-- [et_pb_line_break_holder] -->  color: #475467;<!-- [et_pb_line_break_holder] -->  font-size: 14px;<!-- [et_pb_line_break_holder] -->  line-height: 1.7;<!-- [et_pb_line_break_holder] -->}<!-- [et_pb_line_break_holder] --><!-- [et_pb_line_break_holder] -->.sol-docs-card__actions {<!-- [et_pb_line_break_holder] -->  display: flex;<!-- [et_pb_line_break_holder] -->  gap: 10px;<!-- [et_pb_line_break_holder] -->  flex-wrap: wrap;<!-- [et_pb_line_break_holder] -->}<!-- [et_pb_line_break_holder] --><!-- [et_pb_line_break_holder] -->.sol-docs-card__btn {<!-- [et_pb_line_break_holder] -->  display: inline-block;<!-- [et_pb_line_break_holder] -->  padding: 11px 18px;<!-- [et_pb_line_break_holder] -->  border-radius: 8px;<!-- [et_pb_line_break_holder] -->  text-decoration: none;<!-- [et_pb_line_break_holder] -->  font-size: 14px;<!-- [et_pb_line_break_holder] -->  font-weight: 600;<!-- [et_pb_line_break_holder] -->  transition: all 0.25s ease;<!-- [et_pb_line_break_holder] -->}<!-- [et_pb_line_break_holder] --><!-- [et_pb_line_break_holder] -->.sol-docs-card__btn--primary {<!-- [et_pb_line_break_holder] -->  background: #345894;<!-- [et_pb_line_break_holder] -->  color: #ffffff;<!-- [et_pb_line_break_holder] -->}<!-- [et_pb_line_break_holder] --><!-- [et_pb_line_break_holder] -->.sol-docs-card__btn--primary:hover {<!-- [et_pb_line_break_holder] -->  background: #2a4778;<!-- [et_pb_line_break_holder] -->}<!-- [et_pb_line_break_holder] --><!-- [et_pb_line_break_holder] -->.sol-docs-card__btn--secondary {<!-- [et_pb_line_break_holder] -->  border: 1px solid #d0d8e4;<!-- [et_pb_line_break_holder] -->  color: #345894;<!-- [et_pb_line_break_holder] -->  background: #ffffff;<!-- [et_pb_line_break_holder] -->}<!-- [et_pb_line_break_holder] --><!-- [et_pb_line_break_holder] -->.sol-docs-card__btn--secondary:hover {<!-- [et_pb_line_break_holder] -->  border-color: #345894;<!-- [et_pb_line_break_holder] -->}<!-- [et_pb_line_break_holder] --><!-- [et_pb_line_break_holder] -->@media (max-width: 767px) {<!-- [et_pb_line_break_holder] -->  .sol-docs-grid__cards {<!-- [et_pb_line_break_holder] -->    grid-template-columns: 1fr;<!-- [et_pb_line_break_holder] -->  }<!-- [et_pb_line_break_holder] --><!-- [et_pb_line_break_holder] -->  .sol-docs-card {<!-- [et_pb_line_break_holder] -->    padding: 22px;<!-- [et_pb_line_break_holder] -->  }<!-- [et_pb_line_break_holder] -->}<!-- [et_pb_line_break_holder] --><\/style>\n<p><!-- [et_pb_line_break_holder] --><!-- [et_pb_line_break_holder] --><\/p>\n<section class=\"sol-docs-grid\"><!-- [et_pb_line_break_holder] -->  <\/p>\n<div class=\"sol-docs-grid__inner\"><!-- [et_pb_line_break_holder] -->    <\/p>\n<div class=\"sol-docs-grid__cards\"><!-- [et_pb_line_break_holder] --><!-- [et_pb_line_break_holder] -->      <\/p>\n<div class=\"sol-docs-card\"><!-- [et_pb_line_break_holder] -->        <\/p>\n<div class=\"sol-docs-card__title\">Propiedad<\/div>\n<p><!-- [et_pb_line_break_holder] -->        <\/p>\n<div class=\"sol-docs-card__text\"><!-- [et_pb_line_break_holder] -->          Solicitudes relacionadas con inscripciones, alzamientos y certificados del registro de propiedad.<!-- [et_pb_line_break_holder] -->        <\/div>\n<p><!-- [et_pb_line_break_holder] -->        <\/p>\n<ul class=\"sol-docs-card__list\"><!-- [et_pb_line_break_holder] -->          <\/p>\n<li>Inscripci\u00f3n de propiedad<\/li>\n<p><!-- [et_pb_line_break_holder] -->          <\/p>\n<li>Alzamientos<\/li>\n<p><!-- [et_pb_line_break_holder] -->          <\/p>\n<li>Certificados de dominio, hipotecas y grav\u00e1menes<\/li>\n<p><!-- [et_pb_line_break_holder] -->        <\/ul>\n<p><!-- [et_pb_line_break_holder] -->        <\/p>\n<div class=\"sol-docs-card__actions\"><!-- [et_pb_line_break_holder] --><a href=\"https:\/\/cbrchue.cl\/index.php\/cbr-propiedad\/\" class=\"sol-docs-card__btn sol-docs-card__btn--primary\">Ver formulario<\/a>        <\/div>\n<p><!-- [et_pb_line_break_holder] -->      <\/div>\n<p><!-- [et_pb_line_break_holder] --><!-- [et_pb_line_break_holder] -->      <\/p>\n<div class=\"sol-docs-card\"><!-- [et_pb_line_break_holder] -->        <\/p>\n<div class=\"sol-docs-card__title\">Comercio<\/div>\n<p><!-- [et_pb_line_break_holder] -->        <\/p>\n<div class=\"sol-docs-card__text\"><!-- [et_pb_line_break_holder] -->          Solicitudes vinculadas al registro de comercio y certificaciones asociadas.<!-- [et_pb_line_break_holder] -->        <\/div>\n<p><!-- [et_pb_line_break_holder] -->        <\/p>\n<ul class=\"sol-docs-card__list\"><!-- [et_pb_line_break_holder] -->          <\/p>\n<li>Inscripci\u00f3n de comercio<\/li>\n<p><!-- [et_pb_line_break_holder] -->          <\/p>\n<li>Certificados de vigencia<\/li>\n<p><!-- [et_pb_line_break_holder] -->          <\/p>\n<li>Certificados de capital y copias<\/li>\n<p><!-- [et_pb_line_break_holder] -->        <\/ul>\n<p><!-- [et_pb_line_break_holder] -->        <\/p>\n<div class=\"sol-docs-card__actions\"><!-- [et_pb_line_break_holder] --><a href=\"https:\/\/cbrchue.cl\/index.php\/cbr-comercio\/\" class=\"sol-docs-card__btn sol-docs-card__btn--primary\">Ver formulario<\/a>        <\/div>\n<p><!-- [et_pb_line_break_holder] -->      <\/div>\n<p><!-- [et_pb_line_break_holder] --><!-- [et_pb_line_break_holder] -->      <\/p>\n<div class=\"sol-docs-card\"><!-- [et_pb_line_break_holder] -->        <\/p>\n<div class=\"sol-docs-card__title\">Archivero<\/div>\n<p><!-- [et_pb_line_break_holder] -->        <\/p>\n<div class=\"sol-docs-card__text\"><!-- [et_pb_line_break_holder] -->          Solicitud de copias y antecedentes del archivo correspondiente.<!-- [et_pb_line_break_holder] -->        <\/div>\n<p><!-- [et_pb_line_break_holder] -->        <\/p>\n<ul class=\"sol-docs-card__list\"><!-- [et_pb_line_break_holder] -->          <\/p>\n<li>Copias de escrituras<\/li>\n<p><!-- [et_pb_line_break_holder] -->          <\/p>\n<li>Consulta de repertorio<\/li>\n<p><!-- [et_pb_line_break_holder] -->          <\/p>\n<li>Antecedentes archivados<\/li>\n<p><!-- [et_pb_line_break_holder] -->        <\/ul>\n<p><!-- [et_pb_line_break_holder] -->        <\/p>\n<div class=\"sol-docs-card__actions\"><!-- [et_pb_line_break_holder] --><a href=\"https:\/\/cbrchue.cl\/index.php\/cbr-archivero\/\" class=\"sol-docs-card__btn sol-docs-card__btn--primary\">Ver formulario<\/a>        <\/div>\n<p><!-- [et_pb_line_break_holder] -->      <\/div>\n<p><!-- [et_pb_line_break_holder] --><!-- [et_pb_line_break_holder] -->      <\/p>\n<div class=\"sol-docs-card\"><!-- [et_pb_line_break_holder] -->        <\/p>\n<div class=\"sol-docs-card__title\">Minas<\/div>\n<p><!-- [et_pb_line_break_holder] -->        <\/p>\n<div class=\"sol-docs-card__text\"><!-- [et_pb_line_break_holder] -->          Solicitudes y certificados relacionados con registros mineros.<!-- [et_pb_line_break_holder] -->        <\/div>\n<p><!-- [et_pb_line_break_holder] -->        <\/p>\n<ul class=\"sol-docs-card__list\"><!-- [et_pb_line_break_holder] -->          <\/p>\n<li>Copias autorizadas<\/li>\n<p><!-- [et_pb_line_break_holder] -->          <\/p>\n<li>Certificados mineros<\/li>\n<p><!-- [et_pb_line_break_holder] -->          <\/p>\n<li>Hipotecas, grav\u00e1menes y litigios<\/li>\n<p><!-- [et_pb_line_break_holder] -->        <\/ul>\n<p><!-- [et_pb_line_break_holder] -->        <\/p>\n<div class=\"sol-docs-card__actions\"><!-- [et_pb_line_break_holder] --><a href=\"https:\/\/cbrchue.cl\/index.php\/cbr-minas\/\" class=\"sol-docs-card__btn sol-docs-card__btn--primary\">Ver formulario<\/a>        <\/div>\n<p><!-- [et_pb_line_break_holder] -->      <\/div>\n<p><!-- [et_pb_line_break_holder] --><!-- [et_pb_line_break_holder] -->    <\/div>\n<p><!-- [et_pb_line_break_holder] -->  <\/div>\n<p><!-- [et_pb_line_break_holder] --><\/section>\n<p>[\/et_pb_code][\/et_pb_column][\/et_pb_row][et_pb_row _builder_version=\u00bb4.27.5&#8243; _module_preset=\u00bbdefault\u00bb][et_pb_column _builder_version=\u00bb4.27.5&#8243; _module_preset=\u00bbdefault\u00bb type=\u00bb4_4&#8243;][et_pb_code _builder_version=\u00bb4.27.5&#8243; _module_preset=\u00bbdefault\u00bb hover_enabled=\u00bb0&#8243; sticky_enabled=\u00bb0&#8243;]<\/p>\n<div class=\"cbr-btn-center\"><!-- [et_pb_line_break_holder] -->  <a href=\"https:\/\/cbrchue.cl\/index.php\/cbr\/\" class=\"cbr-btn cbr-btn--primary\"><!-- [et_pb_line_break_holder] -->    \u2190 Volver a CBR<!-- [et_pb_line_break_holder] -->  <\/a><!-- [et_pb_line_break_holder] --><\/div>\n<p>[\/et_pb_code][\/et_pb_column][\/et_pb_row][\/et_pb_section]<\/p>\n","protected":false},"excerpt":{"rendered":"","protected":false},"author":1,"featured_media":0,"parent":0,"menu_order":0,"comment_status":"closed","ping_status":"closed","template":"","meta":{"_et_pb_use_builder":"on","_et_pb_old_content":"","_et_gb_content_width":"","footnotes":""},"class_list":["post-86","page","type-page","status-publish","hentry"],"_links":{"self":[{"href":"https:\/\/cbrchue.cl\/index.php\/wp-json\/wp\/v2\/pages\/86","targetHints":{"allow":["GET"]}}],"collection":[{"href":"https:\/\/cbrchue.cl\/index.php\/wp-json\/wp\/v2\/pages"}],"about":[{"href":"https:\/\/cbrchue.cl\/index.php\/wp-json\/wp\/v2\/types\/page"}],"author":[{"embeddable":true,"href":"https:\/\/cbrchue.cl\/index.php\/wp-json\/wp\/v2\/users\/1"}],"replies":[{"embeddable":true,"href":"https:\/\/cbrchue.cl\/index.php\/wp-json\/wp\/v2\/comments?post=86"}],"version-history":[{"count":9,"href":"https:\/\/cbrchue.cl\/index.php\/wp-json\/wp\/v2\/pages\/86\/revisions"}],"predecessor-version":[{"id":224,"href":"https:\/\/cbrchue.cl\/index.php\/wp-json\/wp\/v2\/pages\/86\/revisions\/224"}],"wp:attachment":[{"href":"https:\/\/cbrchue.cl\/index.php\/wp-json\/wp\/v2\/media?parent=86"}],"curies":[{"name":"wp","href":"https:\/\/api.w.org\/{rel}","templated":true}]}}